{"id":49,"date":"2024-09-09T15:26:29","date_gmt":"2024-09-09T13:26:29","guid":{"rendered":"https:\/\/patent-cremer.de\/en\/?page_id=49"},"modified":"2024-09-09T16:54:03","modified_gmt":"2024-09-09T14:54:03","slug":"career","status":"publish","type":"page","link":"https:\/\/patent-cremer.de\/en\/career\/","title":{"rendered":"Career"},"content":{"rendered":"\n<figure class=\"wp-block-image alignfull size-large\"><img decoding=\"async\" src=\"http:\/\/patent-cremer.de\/wp-content\/uploads\/2023\/03\/cremer_patenrecht_mittelstand-1024x192.jpg\" alt=\"\" class=\"wp-image-129\"\/><\/figure>\n\n\n\n<div style=\"height:60px\" aria-hidden=\"true\" class=\"wp-block-spacer\"><\/div>\n\n\n<div class=\"wp-bootstrap-blocks-row row gy-5\">\n\t\n\n<div class=\"col-12 col-sm-12 col-md-12 col-lg-3\">\n\t\t\t\n\n<h2 class=\"wp-block-heading\">Detektivarbeit.<br>Feingesp\u00fcr.<br><mark style=\"background-color:rgba(0, 0, 0, 0)\" class=\"has-inline-color has-rot-color\">Sehen Sie das Besondere?<\/mark><\/h2>\n\n\t<\/div>\n\n\n\n<div class=\"col-12 col-sm-12 col-md-6 col-lg-6\">\n\t\t\t\n\n<p>Als Patentanwalt und Patentanw\u00e4ltin zu arbeiten, bedeutet technischen Sachverhalt in Worte umzusetzen &#8211; mit h\u00f6chster Pr\u00e4zision und Freude am Formulieren. Die Liebe zum Detail, technischer Sachverstand und das Verm\u00f6gen, ein bisschen mehr zu sehen als andere sind unser Plus.<\/p>\n\n\n\n<p>Die Patentanwaltskanzlei <mark style=\"background-color:rgba(0, 0, 0, 0)\" class=\"has-inline-color has-blau-color\">CREMER &amp; CREMER<\/mark> ist seit mehr als 20 Jahren in Ulm und Umgebung t\u00e4tig und vertritt ihre Mandanten umfassend und weltweit in allen Belangen des gewerblichen Rechtsschutzes.<\/p>\n\n\t<\/div>\n\n\n\n<div class=\"col-12 col-sm-12 col-md-6 col-lg-3\">\n\t\t\t\n\n<div class=\"wp-block-group p-4 has-weiss-color has-rot-background-color has-text-color has-background\"><div class=\"wp-block-group__inner-container is-layout-constrained wp-block-group-is-layout-constrained\">\n<p style=\"font-size:1.6rem\">Wir freuen uns auch \u00fcber Initiativ-Bewerbungen.<\/p>\n<\/div><\/div>\n\n\t<\/div>\n\n<\/div>\n\n\n\n<div style=\"height:60px\" aria-hidden=\"true\" class=\"wp-block-spacer\"><\/div>\n\n\n<div class=\"wp-bootstrap-blocks-row row\">\n\t\n\n<div class=\"col-12 col-lg-3\">\n\t\t\t\n\n<h2 class=\"wp-block-heading\" style=\"font-size:rem\"><mark style=\"background-color:rgba(0, 0, 0, 0)\" class=\"has-inline-color has-rot-color\">Wir suchen\u2026<\/mark>  Sie!<\/h2>\n\n\t<\/div>\n\n\n\n<div class=\"col-12 col-lg-9\">\n\t\t\t\n<div class=\"post-accordion\"><div class=\"accordion mb-3 \" id=\"accordionid-block_001d4a3b484b96b120c1b4e8803ff6ab\">\n\t<\/div>\n\n<\/div>\n\n\n\n<div style=\"height:100px\" aria-hidden=\"true\" class=\"wp-block-spacer\"><\/div>\n","protected":false},"excerpt":{"rendered":"","protected":false},"author":1,"featured_media":0,"parent":0,"menu_order":0,"comment_status":"closed","ping_status":"closed","template":"","meta":{"_acf_changed":false,"footnotes":""},"categories":[],"class_list":["post-49","page","type-page","status-publish","hentry"],"acf":[],"yoast_head":"<!-- This site is optimized with the Yoast SEO plugin v27.3 - https:\/\/yoast.com\/product\/yoast-seo-wordpress\/ -->\n<title>Career - Patentanwaltskanzlei CREMER &amp; CREMER english<\/title>\n<meta name=\"robots\" content=\"index, follow, max-snippet:-1, max-image-preview:large, max-video-preview:-1\" \/>\n<link rel=\"canonical\" href=\"https:\/\/patent-cremer.de\/en\/career\/\" \/>\n<meta property=\"og:locale\" content=\"en_GB\" \/>\n<meta property=\"og:type\" content=\"article\" \/>\n<meta property=\"og:title\" content=\"Career - Patentanwaltskanzlei CREMER &amp; CREMER english\" \/>\n<meta property=\"og:url\" content=\"https:\/\/patent-cremer.de\/en\/career\/\" \/>\n<meta property=\"og:site_name\" content=\"Patentanwaltskanzlei CREMER &amp; CREMER english\" \/>\n<meta property=\"article:modified_time\" content=\"2024-09-09T14:54:03+00:00\" \/>\n<meta name=\"twitter:card\" content=\"summary_large_image\" \/>\n<script type=\"application\/ld+json\" class=\"yoast-schema-graph\">{\"@context\":\"https:\\\/\\\/schema.org\",\"@graph\":[{\"@type\":\"WebPage\",\"@id\":\"https:\\\/\\\/patent-cremer.de\\\/en\\\/career\\\/\",\"url\":\"https:\\\/\\\/patent-cremer.de\\\/en\\\/career\\\/\",\"name\":\"Career - Patentanwaltskanzlei CREMER &amp; CREMER english\",\"isPartOf\":{\"@id\":\"https:\\\/\\\/patent-cremer.de\\\/en\\\/#website\"},\"primaryImageOfPage\":{\"@id\":\"https:\\\/\\\/patent-cremer.de\\\/en\\\/career\\\/#primaryimage\"},\"image\":{\"@id\":\"https:\\\/\\\/patent-cremer.de\\\/en\\\/career\\\/#primaryimage\"},\"thumbnailUrl\":\"http:\\\/\\\/patent-cremer.de\\\/wp-content\\\/uploads\\\/2023\\\/03\\\/cremer_patenrecht_mittelstand-1024x192.jpg\",\"datePublished\":\"2024-09-09T13:26:29+00:00\",\"dateModified\":\"2024-09-09T14:54:03+00:00\",\"breadcrumb\":{\"@id\":\"https:\\\/\\\/patent-cremer.de\\\/en\\\/career\\\/#breadcrumb\"},\"inLanguage\":\"en-GB\",\"potentialAction\":[{\"@type\":\"ReadAction\",\"target\":[\"https:\\\/\\\/patent-cremer.de\\\/en\\\/career\\\/\"]}]},{\"@type\":\"ImageObject\",\"inLanguage\":\"en-GB\",\"@id\":\"https:\\\/\\\/patent-cremer.de\\\/en\\\/career\\\/#primaryimage\",\"url\":\"http:\\\/\\\/patent-cremer.de\\\/wp-content\\\/uploads\\\/2023\\\/03\\\/cremer_patenrecht_mittelstand-1024x192.jpg\",\"contentUrl\":\"http:\\\/\\\/patent-cremer.de\\\/wp-content\\\/uploads\\\/2023\\\/03\\\/cremer_patenrecht_mittelstand-1024x192.jpg\"},{\"@type\":\"BreadcrumbList\",\"@id\":\"https:\\\/\\\/patent-cremer.de\\\/en\\\/career\\\/#breadcrumb\",\"itemListElement\":[{\"@type\":\"ListItem\",\"position\":1,\"name\":\"Startseite\",\"item\":\"https:\\\/\\\/patent-cremer.de\\\/en\\\/\"},{\"@type\":\"ListItem\",\"position\":2,\"name\":\"Career\"}]},{\"@type\":\"WebSite\",\"@id\":\"https:\\\/\\\/patent-cremer.de\\\/en\\\/#website\",\"url\":\"https:\\\/\\\/patent-cremer.de\\\/en\\\/\",\"name\":\"Patentanwaltskanzlei CREMER &amp; CREMER english\",\"description\":\"EN Ulmer Kanzlei, spezialisiert auf gewerblichen Rechtschutz, international ausgerichtet\",\"publisher\":{\"@id\":\"https:\\\/\\\/patent-cremer.de\\\/en\\\/#organization\"},\"potentialAction\":[{\"@type\":\"SearchAction\",\"target\":{\"@type\":\"EntryPoint\",\"urlTemplate\":\"https:\\\/\\\/patent-cremer.de\\\/en\\\/?s={search_term_string}\"},\"query-input\":{\"@type\":\"PropertyValueSpecification\",\"valueRequired\":true,\"valueName\":\"search_term_string\"}}],\"inLanguage\":\"en-GB\"},{\"@type\":\"Organization\",\"@id\":\"https:\\\/\\\/patent-cremer.de\\\/en\\\/#organization\",\"name\":\"Patentanwaltskanzlei CREMER &amp; CREMER english\",\"url\":\"https:\\\/\\\/patent-cremer.de\\\/en\\\/\",\"logo\":{\"@type\":\"ImageObject\",\"inLanguage\":\"en-GB\",\"@id\":\"https:\\\/\\\/patent-cremer.de\\\/en\\\/#\\\/schema\\\/logo\\\/image\\\/\",\"url\":\"https:\\\/\\\/patent-cremer.de\\\/en\\\/wp-content\\\/uploads\\\/sites\\\/2\\\/2024\\\/09\\\/cremer-cremer-patent-logo.svg\",\"contentUrl\":\"https:\\\/\\\/patent-cremer.de\\\/en\\\/wp-content\\\/uploads\\\/sites\\\/2\\\/2024\\\/09\\\/cremer-cremer-patent-logo.svg\",\"caption\":\"Patentanwaltskanzlei CREMER &amp; CREMER english\"},\"image\":{\"@id\":\"https:\\\/\\\/patent-cremer.de\\\/en\\\/#\\\/schema\\\/logo\\\/image\\\/\"}}]}<\/script>\n<!-- \/ Yoast SEO plugin. -->","yoast_head_json":{"title":"Career - Patentanwaltskanzlei CREMER &amp; CREMER english","robots":{"index":"index","follow":"follow","max-snippet":"max-snippet:-1","max-image-preview":"max-image-preview:large","max-video-preview":"max-video-preview:-1"},"canonical":"https:\/\/patent-cremer.de\/en\/career\/","og_locale":"en_GB","og_type":"article","og_title":"Career - Patentanwaltskanzlei CREMER &amp; CREMER english","og_url":"https:\/\/patent-cremer.de\/en\/career\/","og_site_name":"Patentanwaltskanzlei CREMER &amp; CREMER english","article_modified_time":"2024-09-09T14:54:03+00:00","twitter_card":"summary_large_image","schema":{"@context":"https:\/\/schema.org","@graph":[{"@type":"WebPage","@id":"https:\/\/patent-cremer.de\/en\/career\/","url":"https:\/\/patent-cremer.de\/en\/career\/","name":"Career - Patentanwaltskanzlei CREMER &amp; CREMER english","isPartOf":{"@id":"https:\/\/patent-cremer.de\/en\/#website"},"primaryImageOfPage":{"@id":"https:\/\/patent-cremer.de\/en\/career\/#primaryimage"},"image":{"@id":"https:\/\/patent-cremer.de\/en\/career\/#primaryimage"},"thumbnailUrl":"http:\/\/patent-cremer.de\/wp-content\/uploads\/2023\/03\/cremer_patenrecht_mittelstand-1024x192.jpg","datePublished":"2024-09-09T13:26:29+00:00","dateModified":"2024-09-09T14:54:03+00:00","breadcrumb":{"@id":"https:\/\/patent-cremer.de\/en\/career\/#breadcrumb"},"inLanguage":"en-GB","potentialAction":[{"@type":"ReadAction","target":["https:\/\/patent-cremer.de\/en\/career\/"]}]},{"@type":"ImageObject","inLanguage":"en-GB","@id":"https:\/\/patent-cremer.de\/en\/career\/#primaryimage","url":"http:\/\/patent-cremer.de\/wp-content\/uploads\/2023\/03\/cremer_patenrecht_mittelstand-1024x192.jpg","contentUrl":"http:\/\/patent-cremer.de\/wp-content\/uploads\/2023\/03\/cremer_patenrecht_mittelstand-1024x192.jpg"},{"@type":"BreadcrumbList","@id":"https:\/\/patent-cremer.de\/en\/career\/#breadcrumb","itemListElement":[{"@type":"ListItem","position":1,"name":"Startseite","item":"https:\/\/patent-cremer.de\/en\/"},{"@type":"ListItem","position":2,"name":"Career"}]},{"@type":"WebSite","@id":"https:\/\/patent-cremer.de\/en\/#website","url":"https:\/\/patent-cremer.de\/en\/","name":"Patentanwaltskanzlei CREMER &amp; CREMER english","description":"EN Ulmer Kanzlei, spezialisiert auf gewerblichen Rechtschutz, international ausgerichtet","publisher":{"@id":"https:\/\/patent-cremer.de\/en\/#organization"},"potentialAction":[{"@type":"SearchAction","target":{"@type":"EntryPoint","urlTemplate":"https:\/\/patent-cremer.de\/en\/?s={search_term_string}"},"query-input":{"@type":"PropertyValueSpecification","valueRequired":true,"valueName":"search_term_string"}}],"inLanguage":"en-GB"},{"@type":"Organization","@id":"https:\/\/patent-cremer.de\/en\/#organization","name":"Patentanwaltskanzlei CREMER &amp; CREMER english","url":"https:\/\/patent-cremer.de\/en\/","logo":{"@type":"ImageObject","inLanguage":"en-GB","@id":"https:\/\/patent-cremer.de\/en\/#\/schema\/logo\/image\/","url":"https:\/\/patent-cremer.de\/en\/wp-content\/uploads\/sites\/2\/2024\/09\/cremer-cremer-patent-logo.svg","contentUrl":"https:\/\/patent-cremer.de\/en\/wp-content\/uploads\/sites\/2\/2024\/09\/cremer-cremer-patent-logo.svg","caption":"Patentanwaltskanzlei CREMER &amp; CREMER english"},"image":{"@id":"https:\/\/patent-cremer.de\/en\/#\/schema\/logo\/image\/"}}]}},"_links":{"self":[{"href":"https:\/\/patent-cremer.de\/en\/wp-json\/wp\/v2\/pages\/49","targetHints":{"allow":["GET"]}}],"collection":[{"href":"https:\/\/patent-cremer.de\/en\/wp-json\/wp\/v2\/pages"}],"about":[{"href":"https:\/\/patent-cremer.de\/en\/wp-json\/wp\/v2\/types\/page"}],"author":[{"embeddable":true,"href":"https:\/\/patent-cremer.de\/en\/wp-json\/wp\/v2\/users\/1"}],"replies":[{"embeddable":true,"href":"https:\/\/patent-cremer.de\/en\/wp-json\/wp\/v2\/comments?post=49"}],"version-history":[{"count":2,"href":"https:\/\/patent-cremer.de\/en\/wp-json\/wp\/v2\/pages\/49\/revisions"}],"predecessor-version":[{"id":70,"href":"https:\/\/patent-cremer.de\/en\/wp-json\/wp\/v2\/pages\/49\/revisions\/70"}],"wp:attachment":[{"href":"https:\/\/patent-cremer.de\/en\/wp-json\/wp\/v2\/media?parent=49"}],"wp:term":[{"taxonomy":"category","embeddable":true,"href":"https:\/\/patent-cremer.de\/en\/wp-json\/wp\/v2\/categories?post=49"}],"curies":[{"name":"wp","href":"https:\/\/api.w.org\/{rel}","templated":true}]}}